{"id":1000300,"date":"2026-01-07T18:53:03","date_gmt":"2026-01-07T21:53:03","guid":{"rendered":"https:\/\/goleirodafiel.com.br\/finalizar\/?post_type=product&#038;p=1000300"},"modified":"2026-04-12T10:59:06","modified_gmt":"2026-04-12T13:59:06","slug":"relogio-magnum-edicao-comemorativa-hugo-souza","status":"publish","type":"product","link":"https:\/\/goleirodafiel.com.br\/finalizar\/produto\/relogio-magnum-edicao-comemorativa-hugo-souza\/","title":{"rendered":"Rel\u00f3gio Magnum Edi\u00e7\u00e3o Comemorativa Hugo Souza"},"content":{"rendered":"<p>Caixa: A\u00e7o Prata 49mm x 17mm<br \/>\nVidro: Mineral<br \/>\nMostrador: Preto\/Branco<br \/>\nResist\u00eancia a \u00e1gua: 100m<br \/>\nPulseira: Silicone Preto 220mm<br \/>\nFecho: Fivela<br \/>\nMecanismo: Cron\u00f3grafo<br \/>\nEstilo: Esportivo Masculino<br \/>\nPeso: 662g<\/p>\n","protected":false},"excerpt":{"rendered":"<p>Caixa: A\u00e7o Prata 49mm x 17mm Vidro: Mineral Mostrador: Preto\/Branco Resist\u00eancia a \u00e1gua: 100m Pulseira: Silicone Preto 220mm Fecho: Fivela Mecanismo: Cron\u00f3grafo Estilo: Esportivo Masculino Peso: 662g<\/p>\n","protected":false},"featured_media":45,"template":"","meta":[],"product_brand":[],"product_cat":[15],"product_tag":[],"class_list":{"0":"post-1000300","1":"product","2":"type-product","3":"status-publish","4":"has-post-thumbnail","6":"product_cat-sem-categoria","9":"instock","10":"shipping-taxable","11":"purchasable","12":"product-type-variable"},"_links":{"self":[{"href":"https:\/\/goleirodafiel.com.br\/finalizar\/wp-json\/wp\/v2\/product\/1000300","targetHints":{"allow":["GET"]}}],"collection":[{"href":"https:\/\/goleirodafiel.com.br\/finalizar\/wp-json\/wp\/v2\/product"}],"about":[{"href":"https:\/\/goleirodafiel.com.br\/finalizar\/wp-json\/wp\/v2\/types\/product"}],"version-history":[{"count":10,"href":"https:\/\/goleirodafiel.com.br\/finalizar\/wp-json\/wp\/v2\/product\/1000300\/revisions"}],"predecessor-version":[{"id":1000363,"href":"https:\/\/goleirodafiel.com.br\/finalizar\/wp-json\/wp\/v2\/product\/1000300\/revisions\/1000363"}],"wp:featuredmedia":[{"embeddable":true,"href":"https:\/\/goleirodafiel.com.br\/finalizar\/wp-json\/wp\/v2\/media\/45"}],"wp:attachment":[{"href":"https:\/\/goleirodafiel.com.br\/finalizar\/wp-json\/wp\/v2\/media?parent=1000300"}],"wp:term":[{"taxonomy":"product_brand","embeddable":true,"href":"https:\/\/goleirodafiel.com.br\/finalizar\/wp-json\/wp\/v2\/product_brand?post=1000300"},{"taxonomy":"product_cat","embeddable":true,"href":"https:\/\/goleirodafiel.com.br\/finalizar\/wp-json\/wp\/v2\/product_cat?post=1000300"},{"taxonomy":"product_tag","embeddable":true,"href":"https:\/\/goleirodafiel.com.br\/finalizar\/wp-json\/wp\/v2\/product_tag?post=1000300"}],"curies":[{"name":"wp","href":"https:\/\/api.w.org\/{rel}","templated":true}]}}